{"id":20,"date":"2020-07-19T23:17:38","date_gmt":"2020-07-19T21:17:38","guid":{"rendered":"http:\/\/wsitcps.cluster028.hosting.ovh.net\/?page_id=20"},"modified":"2022-07-18T09:43:14","modified_gmt":"2022-07-18T07:43:14","slug":"domaines-dactivites","status":"publish","type":"page","link":"https:\/\/www.avocat-alegras-villefranche.fr\/index.php\/domaines-dactivites\/","title":{"rendered":"Domaines d&rsquo;activit\u00e9s"},"content":{"rendered":"\n<p><strong>DROIT DE LA FAMILLE<\/strong><\/p>\n\n\n\n<ul class=\"wp-block-list\"><li>Divorce<\/li><li>S\u00e9paration \/ PACS \/ Concubinage<\/li><li>R\u00e9sidence des enfants \/ Pension alimentaire \/ Autorit\u00e9 parentale<\/li><li>Liquidation de r\u00e9gime matrimonial et succession<\/li><li>Etablissement et Contestation de filiation<\/li><\/ul>\n\n\n\n<p><strong>DROIT DES MINEURS<\/strong><\/p>\n\n\n\n<ul class=\"wp-block-list\"><li>Assistance \u00e9ducative devant le juge des enfants<\/li><li>Audition des mineurs par le juge aux affaires familiales<\/li><li>D\u00e9linquance des mineurs<\/li><\/ul>\n\n\n\n<p><strong>DROIT DES INCAPACITES<\/strong><\/p>\n\n\n\n<ul class=\"wp-block-list\"><li>Tutelle<\/li><li>Curatelle<\/li><\/ul>\n\n\n\n<p><strong>DROIT CIVIL<\/strong><\/p>\n\n\n\n<ul class=\"wp-block-list\"><li>Etablissement ou r\u00e9siliation de contrat<\/li><li>Propri\u00e9t\u00e9<\/li><li>Baux d&rsquo;habitation (impay\u00e9 locatif, expulsion)<\/li><\/ul>\n\n\n\n<p><strong>DROIT PENAL<\/strong><\/p>\n\n\n\n<ul class=\"wp-block-list\"><li>Assistance et repr\u00e9sentation des auteurs et victimes d&rsquo;infractions devant les juridictions r\u00e9pressives (tribunal de police, tribunal correctionnel)<\/li><li>Assistance devant le juge d&rsquo;instruction<\/li><li>Constitution de partie civile<\/li><li>Assistance dans l&rsquo;indemnisation des pr\u00e9judices li\u00e9s \u00e0 une infraction<\/li><li>Garde \u00e0 vue<\/li><\/ul>\n","protected":false},"excerpt":{"rendered":"<p>DROIT DE LA FAMILLE Divorce S\u00e9paration \/ PACS \/ Concubinage R\u00e9sidence des enfants \/ Pension alimentaire \/ Autorit\u00e9 parentale Liquidation de r\u00e9gime matrimonial et succession Etablissement et Contestation de filiation DROIT DES MINEURS Assistance \u00e9ducative devant le juge des enfants Audition des mineurs par le juge aux affaires familiales D\u00e9linquance des mineurs DROIT DES INCAPACITES [&hellip;]<\/p>\n","protected":false},"author":1,"featured_media":0,"parent":0,"menu_order":0,"comment_status":"closed","ping_status":"closed","template":"","meta":{"footnotes":""},"class_list":["post-20","page","type-page","status-publish","hentry"],"yoast_head":"<!-- This site is optimized with the Yoast SEO plugin v27.3 - https:\/\/yoast.com\/product\/yoast-seo-wordpress\/ -->\n<title>Domaines d&#039;activit\u00e9s - Aur\u00e9lie Legras<\/title>\n<meta name=\"robots\" content=\"index, follow, max-snippet:-1, max-image-preview:large, max-video-preview:-1\" \/>\n<link rel=\"canonical\" href=\"https:\/\/www.avocat-alegras-villefranche.fr\/index.php\/domaines-dactivites\/\" \/>\n<meta property=\"og:locale\" content=\"fr_FR\" \/>\n<meta property=\"og:type\" content=\"article\" \/>\n<meta property=\"og:title\" content=\"Domaines d&#039;activit\u00e9s - Aur\u00e9lie Legras\" \/>\n<meta property=\"og:description\" content=\"DROIT DE LA FAMILLE Divorce S\u00e9paration \/ PACS \/ Concubinage R\u00e9sidence des enfants \/ Pension alimentaire \/ Autorit\u00e9 parentale Liquidation de r\u00e9gime matrimonial et succession Etablissement et Contestation de filiation DROIT DES MINEURS Assistance \u00e9ducative devant le juge des enfants Audition des mineurs par le juge aux affaires familiales D\u00e9linquance des mineurs DROIT DES INCAPACITES [&hellip;]\" \/>\n<meta property=\"og:url\" content=\"https:\/\/www.avocat-alegras-villefranche.fr\/index.php\/domaines-dactivites\/\" \/>\n<meta property=\"og:site_name\" content=\"Aur\u00e9lie Legras\" \/>\n<meta property=\"article:modified_time\" content=\"2022-07-18T07:43:14+00:00\" \/>\n<meta name=\"twitter:card\" content=\"summary_large_image\" \/>\n<meta name=\"twitter:label1\" content=\"Dur\u00e9e de lecture estim\u00e9e\" \/>\n\t<meta name=\"twitter:data1\" content=\"1 minute\" \/>\n<script type=\"application\/ld+json\" class=\"yoast-schema-graph\">{\"@context\":\"https:\\\/\\\/schema.org\",\"@graph\":[{\"@type\":\"WebPage\",\"@id\":\"https:\\\/\\\/www.avocat-alegras-villefranche.fr\\\/index.php\\\/domaines-dactivites\\\/\",\"url\":\"https:\\\/\\\/www.avocat-alegras-villefranche.fr\\\/index.php\\\/domaines-dactivites\\\/\",\"name\":\"Domaines d'activit\u00e9s - Aur\u00e9lie Legras\",\"isPartOf\":{\"@id\":\"https:\\\/\\\/www.avocat-alegras-villefranche.fr\\\/#website\"},\"datePublished\":\"2020-07-19T21:17:38+00:00\",\"dateModified\":\"2022-07-18T07:43:14+00:00\",\"breadcrumb\":{\"@id\":\"https:\\\/\\\/www.avocat-alegras-villefranche.fr\\\/index.php\\\/domaines-dactivites\\\/#breadcrumb\"},\"inLanguage\":\"fr-FR\",\"potentialAction\":[{\"@type\":\"ReadAction\",\"target\":[\"https:\\\/\\\/www.avocat-alegras-villefranche.fr\\\/index.php\\\/domaines-dactivites\\\/\"]}]},{\"@type\":\"BreadcrumbList\",\"@id\":\"https:\\\/\\\/www.avocat-alegras-villefranche.fr\\\/index.php\\\/domaines-dactivites\\\/#breadcrumb\",\"itemListElement\":[{\"@type\":\"ListItem\",\"position\":1,\"name\":\"Accueil\",\"item\":\"https:\\\/\\\/www.avocat-alegras-villefranche.fr\\\/\"},{\"@type\":\"ListItem\",\"position\":2,\"name\":\"Domaines d&rsquo;activit\u00e9s\"}]},{\"@type\":\"WebSite\",\"@id\":\"https:\\\/\\\/www.avocat-alegras-villefranche.fr\\\/#website\",\"url\":\"https:\\\/\\\/www.avocat-alegras-villefranche.fr\\\/\",\"name\":\"Aur\u00e9lie Legras\",\"description\":\"Avocat au Barreau de Villefranche sur Sa\u00f4ne\",\"publisher\":{\"@id\":\"https:\\\/\\\/www.avocat-alegras-villefranche.fr\\\/#organization\"},\"potentialAction\":[{\"@type\":\"SearchAction\",\"target\":{\"@type\":\"EntryPoint\",\"urlTemplate\":\"https:\\\/\\\/www.avocat-alegras-villefranche.fr\\\/?s={search_term_string}\"},\"query-input\":{\"@type\":\"PropertyValueSpecification\",\"valueRequired\":true,\"valueName\":\"search_term_string\"}}],\"inLanguage\":\"fr-FR\"},{\"@type\":\"Organization\",\"@id\":\"https:\\\/\\\/www.avocat-alegras-villefranche.fr\\\/#organization\",\"name\":\"Avocat Aur\u00e9lie Legras\",\"url\":\"https:\\\/\\\/www.avocat-alegras-villefranche.fr\\\/\",\"logo\":{\"@type\":\"ImageObject\",\"inLanguage\":\"fr-FR\",\"@id\":\"https:\\\/\\\/www.avocat-alegras-villefranche.fr\\\/#\\\/schema\\\/logo\\\/image\\\/\",\"url\":\"https:\\\/\\\/www.avocat-alegras-villefranche.fr\\\/wp-content\\\/uploads\\\/2020\\\/07\\\/cropped-Logo2-3.png\",\"contentUrl\":\"https:\\\/\\\/www.avocat-alegras-villefranche.fr\\\/wp-content\\\/uploads\\\/2020\\\/07\\\/cropped-Logo2-3.png\",\"width\":200,\"height\":32,\"caption\":\"Avocat Aur\u00e9lie Legras\"},\"image\":{\"@id\":\"https:\\\/\\\/www.avocat-alegras-villefranche.fr\\\/#\\\/schema\\\/logo\\\/image\\\/\"}}]}<\/script>\n<!-- \/ Yoast SEO plugin. -->","yoast_head_json":{"title":"Domaines d'activit\u00e9s - Aur\u00e9lie Legras","robots":{"index":"index","follow":"follow","max-snippet":"max-snippet:-1","max-image-preview":"max-image-preview:large","max-video-preview":"max-video-preview:-1"},"canonical":"https:\/\/www.avocat-alegras-villefranche.fr\/index.php\/domaines-dactivites\/","og_locale":"fr_FR","og_type":"article","og_title":"Domaines d'activit\u00e9s - Aur\u00e9lie Legras","og_description":"DROIT DE LA FAMILLE Divorce S\u00e9paration \/ PACS \/ Concubinage R\u00e9sidence des enfants \/ Pension alimentaire \/ Autorit\u00e9 parentale Liquidation de r\u00e9gime matrimonial et succession Etablissement et Contestation de filiation DROIT DES MINEURS Assistance \u00e9ducative devant le juge des enfants Audition des mineurs par le juge aux affaires familiales D\u00e9linquance des mineurs DROIT DES INCAPACITES [&hellip;]","og_url":"https:\/\/www.avocat-alegras-villefranche.fr\/index.php\/domaines-dactivites\/","og_site_name":"Aur\u00e9lie Legras","article_modified_time":"2022-07-18T07:43:14+00:00","twitter_card":"summary_large_image","twitter_misc":{"Dur\u00e9e de lecture estim\u00e9e":"1 minute"},"schema":{"@context":"https:\/\/schema.org","@graph":[{"@type":"WebPage","@id":"https:\/\/www.avocat-alegras-villefranche.fr\/index.php\/domaines-dactivites\/","url":"https:\/\/www.avocat-alegras-villefranche.fr\/index.php\/domaines-dactivites\/","name":"Domaines d'activit\u00e9s - Aur\u00e9lie Legras","isPartOf":{"@id":"https:\/\/www.avocat-alegras-villefranche.fr\/#website"},"datePublished":"2020-07-19T21:17:38+00:00","dateModified":"2022-07-18T07:43:14+00:00","breadcrumb":{"@id":"https:\/\/www.avocat-alegras-villefranche.fr\/index.php\/domaines-dactivites\/#breadcrumb"},"inLanguage":"fr-FR","potentialAction":[{"@type":"ReadAction","target":["https:\/\/www.avocat-alegras-villefranche.fr\/index.php\/domaines-dactivites\/"]}]},{"@type":"BreadcrumbList","@id":"https:\/\/www.avocat-alegras-villefranche.fr\/index.php\/domaines-dactivites\/#breadcrumb","itemListElement":[{"@type":"ListItem","position":1,"name":"Accueil","item":"https:\/\/www.avocat-alegras-villefranche.fr\/"},{"@type":"ListItem","position":2,"name":"Domaines d&rsquo;activit\u00e9s"}]},{"@type":"WebSite","@id":"https:\/\/www.avocat-alegras-villefranche.fr\/#website","url":"https:\/\/www.avocat-alegras-villefranche.fr\/","name":"Aur\u00e9lie Legras","description":"Avocat au Barreau de Villefranche sur Sa\u00f4ne","publisher":{"@id":"https:\/\/www.avocat-alegras-villefranche.fr\/#organization"},"potentialAction":[{"@type":"SearchAction","target":{"@type":"EntryPoint","urlTemplate":"https:\/\/www.avocat-alegras-villefranche.fr\/?s={search_term_string}"},"query-input":{"@type":"PropertyValueSpecification","valueRequired":true,"valueName":"search_term_string"}}],"inLanguage":"fr-FR"},{"@type":"Organization","@id":"https:\/\/www.avocat-alegras-villefranche.fr\/#organization","name":"Avocat Aur\u00e9lie Legras","url":"https:\/\/www.avocat-alegras-villefranche.fr\/","logo":{"@type":"ImageObject","inLanguage":"fr-FR","@id":"https:\/\/www.avocat-alegras-villefranche.fr\/#\/schema\/logo\/image\/","url":"https:\/\/www.avocat-alegras-villefranche.fr\/wp-content\/uploads\/2020\/07\/cropped-Logo2-3.png","contentUrl":"https:\/\/www.avocat-alegras-villefranche.fr\/wp-content\/uploads\/2020\/07\/cropped-Logo2-3.png","width":200,"height":32,"caption":"Avocat Aur\u00e9lie Legras"},"image":{"@id":"https:\/\/www.avocat-alegras-villefranche.fr\/#\/schema\/logo\/image\/"}}]}},"_links":{"self":[{"href":"https:\/\/www.avocat-alegras-villefranche.fr\/index.php\/wp-json\/wp\/v2\/pages\/20","targetHints":{"allow":["GET"]}}],"collection":[{"href":"https:\/\/www.avocat-alegras-villefranche.fr\/index.php\/wp-json\/wp\/v2\/pages"}],"about":[{"href":"https:\/\/www.avocat-alegras-villefranche.fr\/index.php\/wp-json\/wp\/v2\/types\/page"}],"author":[{"embeddable":true,"href":"https:\/\/www.avocat-alegras-villefranche.fr\/index.php\/wp-json\/wp\/v2\/users\/1"}],"replies":[{"embeddable":true,"href":"https:\/\/www.avocat-alegras-villefranche.fr\/index.php\/wp-json\/wp\/v2\/comments?post=20"}],"version-history":[{"count":12,"href":"https:\/\/www.avocat-alegras-villefranche.fr\/index.php\/wp-json\/wp\/v2\/pages\/20\/revisions"}],"predecessor-version":[{"id":273,"href":"https:\/\/www.avocat-alegras-villefranche.fr\/index.php\/wp-json\/wp\/v2\/pages\/20\/revisions\/273"}],"wp:attachment":[{"href":"https:\/\/www.avocat-alegras-villefranche.fr\/index.php\/wp-json\/wp\/v2\/media?parent=20"}],"curies":[{"name":"wp","href":"https:\/\/api.w.org\/{rel}","templated":true}]}}